{"id":29610,"date":"2025-01-21T14:24:54","date_gmt":"2025-01-21T13:24:54","guid":{"rendered":"https:\/\/past.hgi-cgs.hr\/?page_id=29610"},"modified":"2025-02-12T09:16:27","modified_gmt":"2025-02-12T08:16:27","slug":"team","status":"publish","type":"page","link":"https:\/\/past.hgi-cgs.hr\/index.php\/team\/","title":{"rendered":"Team"},"content":{"rendered":"<p>[et_pb_section fb_built=&#8221;1&#8243; custom_padding_last_edited=&#8221;on|desktop&#8221; admin_label=&#8221;Hero Section&#8221; module_id=&#8221;dotover&#8221; _builder_version=&#8221;4.27.4&#8243; background_color=&#8221;#ffffff&#8221; background_image=&#8221;https:\/\/past.hgi-cgs.hr\/wp-content\/uploads\/2025\/02\/past1-scaled.jpg&#8221; custom_padding_tablet=&#8221;50px|0|50px|0&#8243; custom_padding_phone=&#8221;&#8221; custom_css_after=&#8221;content: %22%22;||background: url(&#8216;https:\/\/www.infiniteimagination.com.au\/business\/wp-content\/uploads\/2016\/09\/texture.png&#8217;) repeat;||top: 0;||left: 0;||bottom: 0;||right: 0;||position: absolute;||z-index: 1;||&#8221; transparent_background=&#8221;off&#8221; padding_mobile=&#8221;off&#8221; make_fullwidth=&#8221;off&#8221; use_custom_width=&#8221;off&#8221; width_unit=&#8221;on&#8221; collapsed=&#8221;on&#8221; global_colors_info=&#8221;{}&#8221;][et_pb_row column_structure=&#8221;1_3,2_3&#8243; padding_mobile=&#8221;off&#8221; column_padding_mobile=&#8221;on&#8221; admin_label=&#8221;Row&#8221; _builder_version=&#8221;4.16&#8243; background_size=&#8221;initial&#8221; background_position=&#8221;top_left&#8221; background_repeat=&#8221;repeat&#8221; custom_margin=&#8221;-52px|auto||auto||&#8221; custom_padding=&#8221;3.5%||2.8%|||&#8221; make_fullwidth=&#8221;off&#8221; use_custom_width=&#8221;off&#8221; width_unit=&#8221;on&#8221; global_colors_info=&#8221;{}&#8221;][et_pb_column type=&#8221;1_3&#8243; _builder_version=&#8221;4.16&#8243; custom_padding=&#8221;|||&#8221; global_colors_info=&#8221;{}&#8221; custom_padding__hover=&#8221;|||&#8221;][et_pb_cta admin_label=&#8221;Need help with that?&#8221; module_id=&#8221;toptext&#8221; _builder_version=&#8221;4.27.4&#8243; header_font=&#8221;Open Sans|||on|&#8221; header_text_color=&#8221;#ffffff&#8221; header_font_size=&#8221;52&#8243; header_line_height=&#8221;1.5em&#8221; body_font=&#8221;Open Sans||||&#8221; body_text_color=&#8221;#ffffff&#8221; body_font_size=&#8221;18&#8243; body_line_height=&#8221;1.5em&#8221; use_background_color=&#8221;off&#8221; background_size=&#8221;initial&#8221; background_position=&#8221;top_left&#8221; background_repeat=&#8221;repeat&#8221; custom_button=&#8221;on&#8221; button_text_color=&#8221;#ffffff&#8221; button_bg_color=&#8221;rgba(0,0,0,0)&#8221; button_border_color=&#8221;rgba(255,255,255,0.6)&#8221; button_border_radius=&#8221;0&#8243; button_font=&#8221;Oswald||||&#8221; button_icon=&#8221;&#x39;||divi||400&#8243; custom_margin=&#8221;-19px||201px|||&#8221; header_font_size_tablet=&#8221;50&#8243; header_font_size_phone=&#8221;30&#8243; header_font_size_last_edited=&#8221;on|desktop&#8221; custom_css_main_element=&#8221;position: relative; z-index: 3;&#8221; custom_css_promo_button=&#8221;margin-top: 30px;&#8221; custom_css_promo_title=&#8221;font-weight: 800;&#8221; use_border_color=&#8221;off&#8221; border_color=&#8221;#ffffff&#8221; border_style=&#8221;solid&#8221; button_text_color_hover=&#8221;#ffffff&#8221; button_border_color_hover=&#8221;rgba(0,0,0,0)&#8221; button_border_radius_hover=&#8221;0&#8243; button_letter_spacing_hover=&#8221;3&#8243; button_bg_color_hover=&#8221;rgba(255,255,255,0.2)&#8221; global_colors_info=&#8221;{}&#8221; button_text_size__hover_enabled=&#8221;off&#8221; button_one_text_size__hover_enabled=&#8221;off&#8221; button_two_text_size__hover_enabled=&#8221;off&#8221; button_text_color__hover_enabled=&#8221;on&#8221; button_text_color__hover=&#8221;#ffffff&#8221; button_one_text_color__hover_enabled=&#8221;off&#8221; button_two_text_color__hover_enabled=&#8221;off&#8221; button_border_width__hover_enabled=&#8221;off&#8221; button_one_border_width__hover_enabled=&#8221;off&#8221; button_two_border_width__hover_enabled=&#8221;off&#8221; button_border_color__hover_enabled=&#8221;on&#8221; button_border_color__hover=&#8221;rgba(0,0,0,0)&#8221; button_one_border_color__hover_enabled=&#8221;off&#8221; button_two_border_color__hover_enabled=&#8221;off&#8221; button_border_radius__hover_enabled=&#8221;on&#8221; button_border_radius__hover=&#8221;0&#8243; button_one_border_radius__hover_enabled=&#8221;off&#8221; button_two_border_radius__hover_enabled=&#8221;off&#8221; button_letter_spacing__hover_enabled=&#8221;on&#8221; button_letter_spacing__hover=&#8221;3&#8243; button_one_letter_spacing__hover_enabled=&#8221;off&#8221; button_two_letter_spacing__hover_enabled=&#8221;off&#8221; button_bg_color__hover_enabled=&#8221;on&#8221; button_bg_color__hover=&#8221;rgba(255,255,255,0.2)&#8221; button_one_bg_color__hover_enabled=&#8221;off&#8221; button_two_bg_color__hover_enabled=&#8221;off&#8221;]<\/p>\n<h2 style=\"text-align: right;\"><span style=\"color: #fcbf00;\">PAST<\/span><\/h2>\n<p>[\/et_pb_cta][\/et_pb_column][et_pb_column type=&#8221;2_3&#8243; _builder_version=&#8221;4.16&#8243; custom_padding=&#8221;|||&#8221; global_colors_info=&#8221;{}&#8221; custom_padding__hover=&#8221;|||&#8221;][et_pb_text _builder_version=&#8221;4.27.4&#8243; _module_preset=&#8221;default&#8221; header_5_text_color=&#8221;#FFFFFF&#8221; header_5_font_size=&#8221;20px&#8221; global_colors_info=&#8221;{}&#8221;]<\/p>\n<h5 style=\"text-align: left;\"><strong><em>Palaeosoil Analysis in Late Glacial Sandy Terrains Across Europe<\/em><\/strong><\/h5>\n<h5 style=\"text-align: left;\"><strong><em>\u00a0<\/em><\/strong><\/h5>\n<p>[\/et_pb_text][\/et_pb_column][\/et_pb_row][\/et_pb_section][et_pb_section fb_built=&#8221;1&#8243; custom_padding_last_edited=&#8221;on|desktop&#8221; admin_label=&#8221;Section&#8221; module_id=&#8221;next&#8221; _builder_version=&#8221;4.27.4&#8243; background_color=&#8221;#ffffff&#8221; parallax=&#8221;on&#8221; parallax_method=&#8221;off&#8221; custom_margin=&#8221;50px||||false|false&#8221; custom_padding=&#8221;21px||0px|||&#8221; custom_padding_tablet=&#8221;50px|0|50px|0&#8243; custom_padding_phone=&#8221;&#8221; transparent_background=&#8221;off&#8221; padding_mobile=&#8221;off&#8221; make_fullwidth=&#8221;off&#8221; use_custom_width=&#8221;off&#8221; width_unit=&#8221;on&#8221; collapsed=&#8221;on&#8221; global_colors_info=&#8221;{}&#8221;][et_pb_row admin_label=&#8221;Row&#8221; _builder_version=&#8221;4.27.4&#8243; background_size=&#8221;initial&#8221; background_position=&#8221;top_left&#8221; background_repeat=&#8221;repeat&#8221; custom_margin=&#8221;0px|auto||auto|false|false&#8221; custom_padding=&#8221;9px|||||&#8221; global_colors_info=&#8221;{}&#8221;][et_pb_column type=&#8221;4_4&#8243; _builder_version=&#8221;4.16&#8243; custom_padding=&#8221;|||&#8221; global_colors_info=&#8221;{}&#8221; custom_padding__hover=&#8221;|||&#8221;][et_pb_blurb title=&#8221;project leaders&#8221; use_icon=&#8221;on&#8221; font_icon=&#8221;&#xf0c0;||fa||900&#8243; icon_color=&#8221;#fcbf00&#8243; icon_placement=&#8221;left&#8221; image_icon_width=&#8221;34&#8243; image_icon_width_tablet=&#8221;&#8221; image_icon_width_phone=&#8221;28&#8243; image_icon_width_last_edited=&#8221;on|phone&#8221; admin_label=&#8221;Blurb&#8221; _builder_version=&#8221;4.27.4&#8243; header_font=&#8221;Open Sans|||on|&#8221; header_text_color=&#8221;#494949&#8243; header_font_size=&#8221;22&#8243; header_line_height=&#8221;1.5em&#8221; body_font=&#8221;Open Sans||||&#8221; body_text_color=&#8221;#666666&#8243; body_font_size=&#8221;16&#8243; body_line_height=&#8221;1.5em&#8221; background_size=&#8221;initial&#8221; background_position=&#8221;top_left&#8221; background_repeat=&#8221;repeat&#8221; custom_margin=&#8221;||3px|400px|false|false&#8221; custom_padding=&#8221;||0px|&#8221; animation=&#8221;off&#8221; custom_css_blurb_title=&#8221;font-weight: 800;||border-style: solid;||border-color: #aeafaf;||border-left-width: 1px;||padding: 0px 0px 1px 15px;||\/*margin-left: 0px;*\/||&#8221; use_border_color=&#8221;off&#8221; border_color=&#8221;#ffffff&#8221; border_style=&#8221;solid&#8221; image_max_width=&#8221;none&#8221; icon_font_size=&#8221;34&#8243; icon_font_size_tablet=&#8221;&#8221; icon_font_size_phone=&#8221;28&#8243; icon_font_size_last_edited=&#8221;on|phone&#8221; use_circle=&#8221;off&#8221; use_circle_border=&#8221;off&#8221; circle_border_color=&#8221;#fcbf00&#8243; circle_color=&#8221;#ffffff&#8221; global_colors_info=&#8221;{}&#8221;][\/et_pb_blurb][\/et_pb_column][\/et_pb_row][et_pb_row column_structure=&#8221;1_2,1_2&#8243; _builder_version=&#8221;4.27.4&#8243; _module_preset=&#8221;default&#8221; custom_margin=&#8221;|auto|41px|auto||&#8221; global_colors_info=&#8221;{}&#8221;][et_pb_column type=&#8221;1_2&#8243; _builder_version=&#8221;4.27.4&#8243; _module_preset=&#8221;default&#8221; global_colors_info=&#8221;{}&#8221;][et_pb_team_member name=&#8221;Galovi\u0107 Lidija&#8221; position=&#8221;Project leader&#8221; image_url=&#8221;https:\/\/past.hgi-cgs.hr\/wp-content\/uploads\/2025\/02\/lidija1.jpg&#8221; _builder_version=&#8221;4.27.4&#8243; _module_preset=&#8221;default&#8221; hover_enabled=&#8221;0&#8243; global_colors_info=&#8221;{}&#8221; title_text=&#8221;lidija1&#8243; sticky_enabled=&#8221;0&#8243;]<\/p>\n<p>Croatian Geological Survey<\/p>\n<p>Sachsova 2, 10000 Zagreb, Croatia<\/p>\n<p><em><a href=\"mailto:lgalovic@hgi-cgs.hr\">lgalovic@hgi-cgs.hr<\/a><\/em><\/p>\n<p>[\/et_pb_team_member][\/et_pb_column][et_pb_column type=&#8221;1_2&#8243; _builder_version=&#8221;4.27.4&#8243; _module_preset=&#8221;default&#8221; global_colors_info=&#8221;{}&#8221;][et_pb_team_member name=&#8221;Beerten Koen&#8221; position=&#8221;Project leader&#8221; image_url=&#8221;https:\/\/past.hgi-cgs.hr\/wp-content\/uploads\/2025\/02\/koen-1-2.jpg&#8221; _builder_version=&#8221;4.27.4&#8243; _module_preset=&#8221;default&#8221; hover_enabled=&#8221;0&#8243; global_colors_info=&#8221;{}&#8221; title_text=&#8221;koen-1&#8243; sticky_enabled=&#8221;0&#8243;]<\/p>\n<p>Belgian Nuclear Research Centre<\/p>\n<p><em><span>Boeretang 200, 2400 Mol,<\/span><\/em><em><span>Belgium<\/span><\/em><\/p>\n<p><a href=\"mailto:kbeerten@sckcen.be\"><em>kbeerten@sckcen.be<\/em><\/a><\/p>\n<p>[\/et_pb_team_member][\/et_pb_column][\/et_pb_row][et_pb_row admin_label=&#8221;Row&#8221; _builder_version=&#8221;4.27.4&#8243; background_size=&#8221;initial&#8221; background_position=&#8221;top_left&#8221; background_repeat=&#8221;repeat&#8221; custom_margin=&#8221;0px|auto||auto|false|false&#8221; custom_padding=&#8221;9px|||||&#8221; global_colors_info=&#8221;{}&#8221;][et_pb_column type=&#8221;4_4&#8243; _builder_version=&#8221;4.16&#8243; custom_padding=&#8221;|||&#8221; global_colors_info=&#8221;{}&#8221; custom_padding__hover=&#8221;|||&#8221;][et_pb_blurb title=&#8221;team&#8221; use_icon=&#8221;on&#8221; font_icon=&#8221;&#xe08b;||divi||400&#8243; icon_color=&#8221;#fcbf00&#8243; icon_placement=&#8221;left&#8221; image_icon_width=&#8221;34&#8243; image_icon_width_tablet=&#8221;&#8221; image_icon_width_phone=&#8221;28&#8243; image_icon_width_last_edited=&#8221;on|phone&#8221; admin_label=&#8221;Blurb&#8221; _builder_version=&#8221;4.27.4&#8243; header_font=&#8221;Open Sans|||on|&#8221; header_text_color=&#8221;#494949&#8243; header_font_size=&#8221;22&#8243; header_line_height=&#8221;1.5em&#8221; body_font=&#8221;Open Sans||||&#8221; body_text_color=&#8221;#666666&#8243; body_font_size=&#8221;16&#8243; body_line_height=&#8221;1.5em&#8221; background_size=&#8221;initial&#8221; background_position=&#8221;top_left&#8221; background_repeat=&#8221;repeat&#8221; custom_margin=&#8221;||1px|400px|false|false&#8221; custom_padding=&#8221;||0px|&#8221; animation=&#8221;off&#8221; custom_css_blurb_title=&#8221;font-weight: 800;||border-style: solid;||border-color: #aeafaf;||border-left-width: 1px;||padding: 0px 0px 1px 15px;||\/*margin-left: 0px;*\/||&#8221; use_border_color=&#8221;off&#8221; border_color=&#8221;#ffffff&#8221; border_style=&#8221;solid&#8221; image_max_width=&#8221;none&#8221; icon_font_size=&#8221;34&#8243; icon_font_size_tablet=&#8221;&#8221; icon_font_size_phone=&#8221;28&#8243; icon_font_size_last_edited=&#8221;on|phone&#8221; use_circle=&#8221;off&#8221; use_circle_border=&#8221;off&#8221; circle_border_color=&#8221;#fcbf00&#8243; circle_color=&#8221;#ffffff&#8221; global_colors_info=&#8221;{}&#8221;][\/et_pb_blurb][\/et_pb_column][\/et_pb_row][et_pb_row column_structure=&#8221;1_4,1_4,1_4,1_4&#8243; _builder_version=&#8221;4.27.4&#8243; _module_preset=&#8221;default&#8221; custom_margin=&#8221;40px|auto||auto||&#8221; global_colors_info=&#8221;{}&#8221;][et_pb_column type=&#8221;1_4&#8243; _builder_version=&#8221;4.27.4&#8243; _module_preset=&#8221;default&#8221; global_colors_info=&#8221;{}&#8221;][et_pb_team_member name=&#8221;Pjani\u0107 Ajka&#8221; position=&#8221;Team&#8221; image_url=&#8221;https:\/\/past.hgi-cgs.hr\/wp-content\/uploads\/2025\/02\/ajka1.jpg&#8221; _builder_version=&#8221;4.27.4&#8243; _module_preset=&#8221;default&#8221; global_colors_info=&#8221;{}&#8221;]<\/p>\n<p>Croatian Geological Survey<\/p>\n<p>Sachsova 2, 10 000 Zagreb<\/p>\n<p><em><a href=\"mailto:ilto:apjani\u0107@hgi-cgs.hr\">apjani\u0107@hgi-cgs.hr<\/a><\/em><\/p>\n<p>[\/et_pb_team_member][\/et_pb_column][et_pb_column type=&#8221;1_4&#8243; _builder_version=&#8221;4.27.4&#8243; _module_preset=&#8221;default&#8221; global_colors_info=&#8221;{}&#8221;][et_pb_team_member name=&#8221;Husnjak Stjepan&#8221; position=&#8221;Team&#8221; image_url=&#8221;https:\/\/past.hgi-cgs.hr\/wp-content\/uploads\/2025\/02\/noface_musko.png&#8221; _builder_version=&#8221;4.27.4&#8243; _module_preset=&#8221;default&#8221; custom_margin=&#8221;0px||||false|false&#8221; global_colors_info=&#8221;{}&#8221;]<\/p>\n<p>Faculty of Agriculture<\/p>\n<p>Sveto\u0161imunska cesta 25, 10000 Zagreb<\/p>\n<p><em><a href=\"mailto:shusnjak@agr.hr\">shusnjak@agr.hr<\/a><\/em><\/p>\n<p>[\/et_pb_team_member][\/et_pb_column][et_pb_column type=&#8221;1_4&#8243; _builder_version=&#8221;4.27.4&#8243; _module_preset=&#8221;default&#8221; global_colors_info=&#8221;{}&#8221;][et_pb_team_member name=&#8221;Steji\u0107 Petar&#8221; position=&#8221;Team&#8221; image_url=&#8221;https:\/\/past.hgi-cgs.hr\/wp-content\/uploads\/2025\/02\/Petar-Stejic-1.jpg&#8221; _builder_version=&#8221;4.27.4&#8243; _module_preset=&#8221;default&#8221; global_colors_info=&#8221;{}&#8221;]<\/p>\n<p>Geological Survey of Serbia<\/p>\n<p>Rovinjska 12, 11000 Beograd<\/p>\n<p><em><a href=\"mailto:stejicpetar@hotmail.com\">stejicpetar@hotmail.com<\/a><\/em><\/p>\n<p>[\/et_pb_team_member][\/et_pb_column][et_pb_column type=&#8221;1_4&#8243; _builder_version=&#8221;4.27.4&#8243; _module_preset=&#8221;default&#8221; global_colors_info=&#8221;{}&#8221;][et_pb_team_member name=&#8221;Gaji\u0107 Rodoljub&#8221; position=&#8221;Team&#8221; image_url=&#8221;https:\/\/past.hgi-cgs.hr\/wp-content\/uploads\/2025\/02\/Rodoljub-Gajic-1.jpg&#8221; _builder_version=&#8221;4.27.4&#8243; _module_preset=&#8221;default&#8221; global_colors_info=&#8221;{}&#8221;]<\/p>\n<p>Geological Survey of Serbia<\/p>\n<p>Rovinjska 12, 11000 Beograd<\/p>\n<p><em><a href=\"mailto:rodoljubgajic961@gmail.com\">rodoljubgajic961@gmail.com<\/a><a href=\"mailto:rodoljub.gajic@gzs.gov.rs\"><\/a><\/em><\/p>\n<p>[\/et_pb_team_member][\/et_pb_column][\/et_pb_row][et_pb_row column_structure=&#8221;1_4,1_4,1_4,1_4&#8243; _builder_version=&#8221;4.27.4&#8243; _module_preset=&#8221;default&#8221; custom_margin=&#8221;40px|auto||auto||&#8221; global_colors_info=&#8221;{}&#8221;][et_pb_column type=&#8221;1_4&#8243; _builder_version=&#8221;4.27.4&#8243; _module_preset=&#8221;default&#8221; global_colors_info=&#8221;{}&#8221;][et_pb_team_member name=&#8221;Ru\u017ei\u010di\u0107 Stanko&#8221; position=&#8221;Team&#8221; image_url=&#8221;https:\/\/past.hgi-cgs.hr\/wp-content\/uploads\/2025\/02\/Stanko-Ruzicic-1.jpg&#8221; _builder_version=&#8221;4.27.4&#8243; _module_preset=&#8221;default&#8221; global_colors_info=&#8221;{}&#8221;]<\/p>\n<p>Faculty of Mining, Geology and Petroleum Engineering<\/p>\n<p>Pierottijeva 6, 10000 Zagreb<\/p>\n<p><em><a href=\"mailto:stanko.ruzicic@rgn.unizg.hr\">stanko.ruzicic@rgn.unizg.hr<\/a><\/em><\/p>\n<p><em><a href=\"mailto:ilto:apjani\u0107@hgi-cgs.hr\"><\/a><\/em><\/p>\n<p>[\/et_pb_team_member][\/et_pb_column][et_pb_column type=&#8221;1_4&#8243; _builder_version=&#8221;4.27.4&#8243; _module_preset=&#8221;default&#8221; global_colors_info=&#8221;{}&#8221;][et_pb_team_member name=&#8221;Martin\u010devi\u0107 Lazar Jasmina&#8221; position=&#8221;Team&#8221; image_url=&#8221;https:\/\/past.hgi-cgs.hr\/wp-content\/uploads\/2025\/02\/jasmina-1.jpg&#8221; _builder_version=&#8221;4.27.4&#8243; _module_preset=&#8221;default&#8221; custom_margin=&#8221;0px||||false|false&#8221; global_colors_info=&#8221;{}&#8221;]<\/p>\n<p>Croatian Geological Survey<\/p>\n<p>Sachsova 2, 10000 Zagreb<\/p>\n<p><em><a href=\"mailto:jmartincevic@hgi-cgs.hr\">jmartincevic@hgi-cgs.hr<\/a><\/em><\/p>\n<p><em><a href=\"mailto:shusnjak@agr.hr\"><\/a><\/em><\/p>\n<p>[\/et_pb_team_member][\/et_pb_column][et_pb_column type=&#8221;1_4&#8243; _builder_version=&#8221;4.27.4&#8243; _module_preset=&#8221;default&#8221; global_colors_info=&#8221;{}&#8221;][et_pb_team_member name=&#8221;Pandurov Mihajlo&#8221; position=&#8221;Team&#8221; image_url=&#8221;https:\/\/past.hgi-cgs.hr\/wp-content\/uploads\/2025\/02\/Mihajlo-Pandurov-1.jpg&#8221; _builder_version=&#8221;4.27.4&#8243; _module_preset=&#8221;default&#8221; global_colors_info=&#8221;{}&#8221;]<\/p>\n<p>Geological Survey of Serbia<\/p>\n<p>Rovinjska 12, 11000 Beograd<\/p>\n<p><em><a href=\"mailto:mihajlopandurov@yahoo.com\">mihajlopandurov@yahoo.com<\/a><\/em><\/p>\n<p><em><a href=\"mailto:stejicpetar@hotmail.com\"><\/a><\/em><\/p>\n<p>[\/et_pb_team_member][\/et_pb_column][et_pb_column type=&#8221;1_4&#8243; _builder_version=&#8221;4.27.4&#8243; _module_preset=&#8221;default&#8221; global_colors_info=&#8221;{}&#8221;][et_pb_team_member name=&#8221;Nik\u0161i\u0107 Eleonora&#8221; position=&#8221;Team&#8221; image_url=&#8221;https:\/\/past.hgi-cgs.hr\/wp-content\/uploads\/2025\/02\/niksic1.jpg&#8221; _builder_version=&#8221;4.27.4&#8243; _module_preset=&#8221;default&#8221; global_colors_info=&#8221;{}&#8221;]<\/p>\n<p>Geological Survey of Serbia<\/p>\n<p>Rovinjska 12, 11000 Beograd<\/p>\n<p><em><a href=\"mailto:niksiceleonora@gmail.com\">niksiceleonora@gmail.com<\/a><\/em><\/p>\n<p>[\/et_pb_team_member][\/et_pb_column][\/et_pb_row][\/et_pb_section][et_pb_section fb_built=&#8221;1&#8243; custom_padding_last_edited=&#8221;on|desktop&#8221; disabled_on=&#8221;off|off|off&#8221; admin_label=&#8221;Testimonials&#8221; _builder_version=&#8221;4.16&#8243; background_color=&#8221;#ffffff&#8221; custom_padding=&#8221;49px|||||&#8221; custom_padding_tablet=&#8221;50px|0|50px|0&#8243; custom_padding_phone=&#8221;&#8221; custom_css_main_element=&#8221;border-bottom: 1px solid #D7DCE1;&#8221; transparent_background=&#8221;off&#8221; padding_mobile=&#8221;off&#8221; make_fullwidth=&#8221;off&#8221; use_custom_width=&#8221;off&#8221; width_unit=&#8221;on&#8221; collapsed=&#8221;on&#8221; global_colors_info=&#8221;{}&#8221;][\/et_pb_section]<\/p>\n","protected":false},"excerpt":{"rendered":"<p>PASTPalaeosoil Analysis in Late Glacial Sandy Terrains Across Europe \u00a0Croatian Geological Survey Sachsova 2, 10000 Zagreb, Croatia lgalovic@hgi-cgs.hrBelgian Nuclear Research Centre Boeretang 200, 2400 Mol,Belgium kbeerten@sckcen.beCroatian Geological Survey Sachsova 2, 10 000 Zagreb apjani\u0107@hgi-cgs.hrFaculty of Agriculture Sveto\u0161imunska cesta 25, 10000 Zagreb shusnjak@agr.hrGeological Survey of Serbia Rovinjska 12, 11000 Beograd stejicpetar@hotmail.comGeological Survey of Serbia Rovinjska 12, [&hellip;]<\/p>\n","protected":false},"author":2,"featured_media":0,"parent":0,"menu_order":0,"comment_status":"closed","ping_status":"closed","template":"","meta":{"_et_pb_use_builder":"on","_et_pb_old_content":"","_et_gb_content_width":"","footnotes":""},"class_list":["post-29610","page","type-page","status-publish","hentry"],"yoast_head":"<!-- This site is optimized with the Yoast SEO plugin v27.3 - https:\/\/yoast.com\/product\/yoast-seo-wordpress\/ -->\n<title>Team - PAST<\/title>\n<meta name=\"robots\" content=\"index, follow, max-snippet:-1, max-image-preview:large, max-video-preview:-1\" \/>\n<link rel=\"canonical\" href=\"https:\/\/past.hgi-cgs.hr\/index.php\/team\/\" \/>\n<meta property=\"og:locale\" content=\"hr_HR\" \/>\n<meta property=\"og:type\" content=\"article\" \/>\n<meta property=\"og:title\" content=\"Team - PAST\" \/>\n<meta property=\"og:description\" content=\"PASTPalaeosoil Analysis in Late Glacial Sandy Terrains Across Europe \u00a0Croatian Geological Survey Sachsova 2, 10000 Zagreb, Croatia lgalovic@hgi-cgs.hrBelgian Nuclear Research Centre Boeretang 200, 2400 Mol,Belgium kbeerten@sckcen.beCroatian Geological Survey Sachsova 2, 10 000 Zagreb apjani\u0107@hgi-cgs.hrFaculty of Agriculture Sveto\u0161imunska cesta 25, 10000 Zagreb shusnjak@agr.hrGeological Survey of Serbia Rovinjska 12, 11000 Beograd stejicpetar@hotmail.comGeological Survey of Serbia Rovinjska 12, [&hellip;]\" \/>\n<meta property=\"og:url\" content=\"https:\/\/past.hgi-cgs.hr\/index.php\/team\/\" \/>\n<meta property=\"og:site_name\" content=\"PAST\" \/>\n<meta property=\"article:modified_time\" content=\"2025-02-12T08:16:27+00:00\" \/>\n<meta name=\"twitter:card\" content=\"summary_large_image\" \/>\n<meta name=\"twitter:label1\" content=\"Procijenjeno vrijeme \u010ditanja\" \/>\n\t<meta name=\"twitter:data1\" content=\"9 minuta\" \/>\n<script type=\"application\/ld+json\" class=\"yoast-schema-graph\">{\"@context\":\"https:\\\/\\\/schema.org\",\"@graph\":[{\"@type\":\"WebPage\",\"@id\":\"https:\\\/\\\/past.hgi-cgs.hr\\\/index.php\\\/team\\\/\",\"url\":\"https:\\\/\\\/past.hgi-cgs.hr\\\/index.php\\\/team\\\/\",\"name\":\"Team - PAST\",\"isPartOf\":{\"@id\":\"https:\\\/\\\/past.hgi-cgs.hr\\\/#website\"},\"datePublished\":\"2025-01-21T13:24:54+00:00\",\"dateModified\":\"2025-02-12T08:16:27+00:00\",\"breadcrumb\":{\"@id\":\"https:\\\/\\\/past.hgi-cgs.hr\\\/index.php\\\/team\\\/#breadcrumb\"},\"inLanguage\":\"hr\",\"potentialAction\":[{\"@type\":\"ReadAction\",\"target\":[\"https:\\\/\\\/past.hgi-cgs.hr\\\/index.php\\\/team\\\/\"]}]},{\"@type\":\"BreadcrumbList\",\"@id\":\"https:\\\/\\\/past.hgi-cgs.hr\\\/index.php\\\/team\\\/#breadcrumb\",\"itemListElement\":[{\"@type\":\"ListItem\",\"position\":1,\"name\":\"Po\u010detna stranica\",\"item\":\"https:\\\/\\\/past.hgi-cgs.hr\\\/\"},{\"@type\":\"ListItem\",\"position\":2,\"name\":\"Team\"}]},{\"@type\":\"WebSite\",\"@id\":\"https:\\\/\\\/past.hgi-cgs.hr\\\/#website\",\"url\":\"https:\\\/\\\/past.hgi-cgs.hr\\\/\",\"name\":\"PAST\",\"description\":\"\",\"publisher\":{\"@id\":\"https:\\\/\\\/past.hgi-cgs.hr\\\/#organization\"},\"potentialAction\":[{\"@type\":\"SearchAction\",\"target\":{\"@type\":\"EntryPoint\",\"urlTemplate\":\"https:\\\/\\\/past.hgi-cgs.hr\\\/?s={search_term_string}\"},\"query-input\":{\"@type\":\"PropertyValueSpecification\",\"valueRequired\":true,\"valueName\":\"search_term_string\"}}],\"inLanguage\":\"hr\"},{\"@type\":\"Organization\",\"@id\":\"https:\\\/\\\/past.hgi-cgs.hr\\\/#organization\",\"name\":\"PAST\",\"url\":\"https:\\\/\\\/past.hgi-cgs.hr\\\/\",\"logo\":{\"@type\":\"ImageObject\",\"inLanguage\":\"hr\",\"@id\":\"https:\\\/\\\/past.hgi-cgs.hr\\\/#\\\/schema\\\/logo\\\/image\\\/\",\"url\":\"https:\\\/\\\/past.hgi-cgs.hr\\\/wp-content\\\/uploads\\\/2025\\\/01\\\/cropped-past-logo.jpg\",\"contentUrl\":\"https:\\\/\\\/past.hgi-cgs.hr\\\/wp-content\\\/uploads\\\/2025\\\/01\\\/cropped-past-logo.jpg\",\"width\":512,\"height\":512,\"caption\":\"PAST\"},\"image\":{\"@id\":\"https:\\\/\\\/past.hgi-cgs.hr\\\/#\\\/schema\\\/logo\\\/image\\\/\"}}]}<\/script>\n<!-- \/ Yoast SEO plugin. -->","yoast_head_json":{"title":"Team - PAST","robots":{"index":"index","follow":"follow","max-snippet":"max-snippet:-1","max-image-preview":"max-image-preview:large","max-video-preview":"max-video-preview:-1"},"canonical":"https:\/\/past.hgi-cgs.hr\/index.php\/team\/","og_locale":"hr_HR","og_type":"article","og_title":"Team - PAST","og_description":"PASTPalaeosoil Analysis in Late Glacial Sandy Terrains Across Europe \u00a0Croatian Geological Survey Sachsova 2, 10000 Zagreb, Croatia lgalovic@hgi-cgs.hrBelgian Nuclear Research Centre Boeretang 200, 2400 Mol,Belgium kbeerten@sckcen.beCroatian Geological Survey Sachsova 2, 10 000 Zagreb apjani\u0107@hgi-cgs.hrFaculty of Agriculture Sveto\u0161imunska cesta 25, 10000 Zagreb shusnjak@agr.hrGeological Survey of Serbia Rovinjska 12, 11000 Beograd stejicpetar@hotmail.comGeological Survey of Serbia Rovinjska 12, [&hellip;]","og_url":"https:\/\/past.hgi-cgs.hr\/index.php\/team\/","og_site_name":"PAST","article_modified_time":"2025-02-12T08:16:27+00:00","twitter_card":"summary_large_image","twitter_misc":{"Procijenjeno vrijeme \u010ditanja":"9 minuta"},"schema":{"@context":"https:\/\/schema.org","@graph":[{"@type":"WebPage","@id":"https:\/\/past.hgi-cgs.hr\/index.php\/team\/","url":"https:\/\/past.hgi-cgs.hr\/index.php\/team\/","name":"Team - PAST","isPartOf":{"@id":"https:\/\/past.hgi-cgs.hr\/#website"},"datePublished":"2025-01-21T13:24:54+00:00","dateModified":"2025-02-12T08:16:27+00:00","breadcrumb":{"@id":"https:\/\/past.hgi-cgs.hr\/index.php\/team\/#breadcrumb"},"inLanguage":"hr","potentialAction":[{"@type":"ReadAction","target":["https:\/\/past.hgi-cgs.hr\/index.php\/team\/"]}]},{"@type":"BreadcrumbList","@id":"https:\/\/past.hgi-cgs.hr\/index.php\/team\/#breadcrumb","itemListElement":[{"@type":"ListItem","position":1,"name":"Po\u010detna stranica","item":"https:\/\/past.hgi-cgs.hr\/"},{"@type":"ListItem","position":2,"name":"Team"}]},{"@type":"WebSite","@id":"https:\/\/past.hgi-cgs.hr\/#website","url":"https:\/\/past.hgi-cgs.hr\/","name":"PAST","description":"","publisher":{"@id":"https:\/\/past.hgi-cgs.hr\/#organization"},"potentialAction":[{"@type":"SearchAction","target":{"@type":"EntryPoint","urlTemplate":"https:\/\/past.hgi-cgs.hr\/?s={search_term_string}"},"query-input":{"@type":"PropertyValueSpecification","valueRequired":true,"valueName":"search_term_string"}}],"inLanguage":"hr"},{"@type":"Organization","@id":"https:\/\/past.hgi-cgs.hr\/#organization","name":"PAST","url":"https:\/\/past.hgi-cgs.hr\/","logo":{"@type":"ImageObject","inLanguage":"hr","@id":"https:\/\/past.hgi-cgs.hr\/#\/schema\/logo\/image\/","url":"https:\/\/past.hgi-cgs.hr\/wp-content\/uploads\/2025\/01\/cropped-past-logo.jpg","contentUrl":"https:\/\/past.hgi-cgs.hr\/wp-content\/uploads\/2025\/01\/cropped-past-logo.jpg","width":512,"height":512,"caption":"PAST"},"image":{"@id":"https:\/\/past.hgi-cgs.hr\/#\/schema\/logo\/image\/"}}]}},"_links":{"self":[{"href":"https:\/\/past.hgi-cgs.hr\/index.php\/wp-json\/wp\/v2\/pages\/29610","targetHints":{"allow":["GET"]}}],"collection":[{"href":"https:\/\/past.hgi-cgs.hr\/index.php\/wp-json\/wp\/v2\/pages"}],"about":[{"href":"https:\/\/past.hgi-cgs.hr\/index.php\/wp-json\/wp\/v2\/types\/page"}],"author":[{"embeddable":true,"href":"https:\/\/past.hgi-cgs.hr\/index.php\/wp-json\/wp\/v2\/users\/2"}],"replies":[{"embeddable":true,"href":"https:\/\/past.hgi-cgs.hr\/index.php\/wp-json\/wp\/v2\/comments?post=29610"}],"version-history":[{"count":22,"href":"https:\/\/past.hgi-cgs.hr\/index.php\/wp-json\/wp\/v2\/pages\/29610\/revisions"}],"predecessor-version":[{"id":29978,"href":"https:\/\/past.hgi-cgs.hr\/index.php\/wp-json\/wp\/v2\/pages\/29610\/revisions\/29978"}],"wp:attachment":[{"href":"https:\/\/past.hgi-cgs.hr\/index.php\/wp-json\/wp\/v2\/media?parent=29610"}],"curies":[{"name":"wp","href":"https:\/\/api.w.org\/{rel}","templated":true}]}}